{"id":177,"date":"2019-01-14T13:04:30","date_gmt":"2019-01-14T12:04:30","guid":{"rendered":"https:\/\/www.atr-compta.fr\/?page_id=177"},"modified":"2024-11-20T17:45:19","modified_gmt":"2024-11-20T16:45:19","slug":"mentions-legales","status":"publish","type":"page","link":"https:\/\/www.atr-compta.fr\/index.php\/mentions-legales\/","title":{"rendered":"Mentions l\u00e9gales"},"content":{"rendered":"<div class=\"wpb-content-wrapper\"><p>[vc_row css_animation=\u00a0\u00bb\u00a0\u00bb row_type=\u00a0\u00bbrow\u00a0\u00bb use_row_as_full_screen_section=\u00a0\u00bbno\u00a0\u00bb type=\u00a0\u00bbfull_width\u00a0\u00bb angled_section=\u00a0\u00bbno\u00a0\u00bb text_align=\u00a0\u00bbcenter\u00a0\u00bb background_image_as_pattern=\u00a0\u00bbwithout_pattern\u00a0\u00bb el_class=\u00a0\u00bblegals\u00a0\u00bb z_index=\u00a0\u00bb\u00a0\u00bb css=\u00a0\u00bb.vc_custom_1547467297418{padding-bottom: 42px !important;}\u00a0\u00bb][vc_column][vc_column_text css=\u00a0\u00bb\u00a0\u00bb]<\/p>\n<h2 class=\"titleleg\">D\u00e9nomination et si\u00e8ge social<\/h2>\n<p>ATR EXPERTISE CONSEIL AUDIT<br \/>\nSOCI\u00c9T\u00c9 D&rsquo;EXPERTISE COMPTABLE INSCRITE AU TABLEAU DE L&rsquo;ORDRE DE PARIS<\/p>\n<p>7 Rue Albert Einstein<br \/>\n77420, Champs sur marne<br \/>\nT\u00e9l\u00e9phone : 01.71.33.12.80<br \/>\nSAS au capital de 1 000 \u20ac &#8211; Siret 88270474500018<\/p>\n<h2 class=\"titleleg\">Administration, r\u00e9daction, publicit\u00e9 du site atr-compta.fr<\/h2>\n<p>Directeur de la publication : Coralie Bella\u00efche &amp; Benjamin Bella\u00efche<\/p>\n<h2 class=\"titleleg\">D\u00e9nomination et adresse de l&rsquo;h\u00e9bergeur<\/h2>\n<p>Site h\u00e9berg\u00e9 chez OVH SAS<br \/>\n2 rue Kellerman \u2013 59100 Roubaix &#8211; France<br \/>\nSiret\u00a042476141900045<\/p>\n<h2 class=\"titleleg\">Protection des donn\u00e9es<\/h2>\n<p>Les informations vous concernant, envoy\u00e9es par les formulaires de ce site sont destin\u00e9es \u00e0 ATR et, avec votre accord, son r\u00e9seau de partenaires.\u00a0Elles ne seront en aucun cas transmises \u00e0 d&rsquo;autres tiers.<br \/>\nVous avez un droit d&rsquo;acc\u00e8s, de modification, de rectification et de suppression de donn\u00e9es vous concernant (art. 34 de la loi \u00ab\u00a0Informatique et Libert\u00e9s\u00a0\u00bb).\u00a0Pour l&rsquo;exercer, adressez-vous \u00e0 l&rsquo;adresse<br \/>\nATR s&rsquo;engage \u00e0 r\u00e9pondre \u00e0 vos questions sur les traitements de donn\u00e9es, sur ses pratiques, sur les collectes de donn\u00e9es personnelles, et sur les techniques de mesure, prises pour s\u00e9curiser vos donn\u00e9es personnelles.<\/p>\n<p>Aucune information personnelle n&rsquo;est collect\u00e9e \u00e0 votre insu.<br \/>\nAucune information personnelle n&rsquo;est c\u00e9d\u00e9e \u00e0 des tiers.<br \/>\nAucune information personnelle n&rsquo;est utilis\u00e9e \u00e0 des fins non pr\u00e9vues.<\/p>\n<h2 class=\"titleleg\">Messagerie<\/h2>\n<p>Les messages envoy\u00e9s sur le r\u00e9seau Internet peuvent \u00eatre intercept\u00e9s.\u00a0Ne divulguez pas d&rsquo;informations personnelles inutiles ou sensibles.\u00a0Si vous nous communiquez de telles informations, utilisez la voie postale.<br \/>\nLes messages \u00e9lectroniques envoy\u00e9s \u00e0 ATR et les adresses \u00e9lectroniques utilis\u00e9s dans les formulaires sont conserv\u00e9s pour une utilisation par ATR, sauf avis contraire de votre part.<\/p>\n<h2 class=\"titleleg\">Formulaires<\/h2>\n<p>Les informations qui vous sont demand\u00e9es lors de la commande, de la demande d&rsquo;informations, de votre inscription \u00e0 la lettre d&rsquo;information, etc., sont indispensables pour le bon traitement de votre demande.\u00a0Ces informations ont pour seul destinataire les services de ATR.<br \/>\nInformations nominatives diffus\u00e9es sur le site.<br \/>\nLes personnes concern\u00e9es ont \u00e9t\u00e9 inform\u00e9es de leurs droits.\u00a0Le droit de rectification s&rsquo;exerce aupr\u00e8s du service Internet de ATR.<\/p>\n<p>LIMITES CONCERNANT LES CONTENUS PR\u00c9SENTE SUR LE SITE<br \/>\nNous nous effor\u00e7ons de vous offrir sur notre site.\u00a0Cependant, les lois et les r\u00e8glements sont sujettes \u00e0 des modifications fr\u00e9quentes ;\u00a0des erreurs ou omissions peuvent donc survenir.<br \/>\nLes informations, les donn\u00e9es et les analyses ne peuvent en aucun cas \u00eatre assimil\u00e9es \u00e0 des prestations de services ou \u00e0 des conseils rendus par leurs auteurs.<br \/>\nAussi, ils peuvent \u00eatre utilis\u00e9s comme un substitut \u00e0 une consultation rendu par une personne professionnellement comp\u00e9tente.<br \/>\nCe sont les utilisateurs qui sont vivement encourag\u00e9s \u00e0 prendre contact avec les professionnels de notre cabinet avant de prendre une quelconque d\u00e9cision[\/vc_column_text][\/vc_column][\/vc_row]<\/p>\n<\/div>","protected":false},"excerpt":{"rendered":"<p>[vc_row css_animation=\u00a0\u00bb\u00a0\u00bb row_type=\u00a0\u00bbrow\u00a0\u00bb use_row_as_full_screen_section=\u00a0\u00bbno\u00a0\u00bb type=\u00a0\u00bbfull_width\u00a0\u00bb angled_section=\u00a0\u00bbno\u00a0\u00bb text_align=\u00a0\u00bbcenter\u00a0\u00bb background_image_as_pattern=\u00a0\u00bbwithout_pattern\u00a0\u00bb el_class=\u00a0\u00bblegals\u00a0\u00bb z_index=\u00a0\u00bb\u00a0\u00bb css=\u00a0\u00bb.vc_custom_1547467297418{padding-bottom: 42px !important;}\u00a0\u00bb][vc_column][vc_column_text css=\u00a0\u00bb\u00a0\u00bb] D\u00e9nomination et si\u00e8ge social ATR EXPERTISE CONSEIL AUDIT SOCI\u00c9T\u00c9 D&rsquo;EXPERTISE COMPTABLE INSCRITE AU TABLEAU DE L&rsquo;ORDRE DE PARIS 7 Rue Albert Einstein 77420, Champs sur marne T\u00e9l\u00e9phone : 01.71.33.12.80 SAS au&#8230;<\/p>\n","protected":false},"author":1,"featured_media":0,"parent":0,"menu_order":0,"comment_status":"closed","ping_status":"closed","template":"","meta":{"jetpack_post_was_ever_published":false,"footnotes":""},"class_list":["post-177","page","type-page","status-publish","hentry"],"yoast_head":"<!-- This site is optimized with the Yoast SEO plugin v27.4 - https:\/\/yoast.com\/product\/yoast-seo-wordpress\/ -->\n<title>Mentions l\u00e9gales - ATR-Compta<\/title>\n<meta name=\"robots\" content=\"index, follow, max-snippet:-1, max-image-preview:large, max-video-preview:-1\" \/>\n<link rel=\"canonical\" href=\"https:\/\/www.atr-compta.fr\/index.php\/mentions-legales\/\" \/>\n<meta property=\"og:locale\" content=\"fr_FR\" \/>\n<meta property=\"og:type\" content=\"article\" \/>\n<meta property=\"og:title\" content=\"Mentions l\u00e9gales - ATR-Compta\" \/>\n<meta property=\"og:description\" content=\"[vc_row css_animation=\u00a0\u00bb\u00a0\u00bb row_type=\u00a0\u00bbrow\u00a0\u00bb use_row_as_full_screen_section=\u00a0\u00bbno\u00a0\u00bb type=\u00a0\u00bbfull_width\u00a0\u00bb angled_section=\u00a0\u00bbno\u00a0\u00bb text_align=\u00a0\u00bbcenter\u00a0\u00bb background_image_as_pattern=\u00a0\u00bbwithout_pattern\u00a0\u00bb el_class=\u00a0\u00bblegals\u00a0\u00bb z_index=\u00a0\u00bb\u00a0\u00bb css=\u00a0\u00bb.vc_custom_1547467297418{padding-bottom: 42px !important;}\u00a0\u00bb][vc_column][vc_column_text css=\u00a0\u00bb\u00a0\u00bb] D\u00e9nomination et si\u00e8ge social ATR EXPERTISE CONSEIL AUDIT SOCI\u00c9T\u00c9 D&rsquo;EXPERTISE COMPTABLE INSCRITE AU TABLEAU DE L&rsquo;ORDRE DE PARIS 7 Rue Albert Einstein 77420, Champs sur marne T\u00e9l\u00e9phone : 01.71.33.12.80 SAS au...\" \/>\n<meta property=\"og:url\" content=\"https:\/\/www.atr-compta.fr\/index.php\/mentions-legales\/\" \/>\n<meta property=\"og:site_name\" content=\"ATR-Compta\" \/>\n<meta property=\"article:modified_time\" content=\"2024-11-20T16:45:19+00:00\" \/>\n<meta name=\"twitter:card\" content=\"summary_large_image\" \/>\n<meta name=\"twitter:label1\" content=\"Dur\u00e9e de lecture estim\u00e9e\" \/>\n\t<meta name=\"twitter:data1\" content=\"3 minutes\" \/>\n<script type=\"application\/ld+json\" class=\"yoast-schema-graph\">{\"@context\":\"https:\\\/\\\/schema.org\",\"@graph\":[{\"@type\":\"WebPage\",\"@id\":\"https:\\\/\\\/www.atr-compta.fr\\\/index.php\\\/mentions-legales\\\/\",\"url\":\"https:\\\/\\\/www.atr-compta.fr\\\/index.php\\\/mentions-legales\\\/\",\"name\":\"Mentions l\u00e9gales - ATR-Compta\",\"isPartOf\":{\"@id\":\"https:\\\/\\\/www.atr-compta.fr\\\/#website\"},\"datePublished\":\"2019-01-14T12:04:30+00:00\",\"dateModified\":\"2024-11-20T16:45:19+00:00\",\"breadcrumb\":{\"@id\":\"https:\\\/\\\/www.atr-compta.fr\\\/index.php\\\/mentions-legales\\\/#breadcrumb\"},\"inLanguage\":\"fr-FR\",\"potentialAction\":[{\"@type\":\"ReadAction\",\"target\":[\"https:\\\/\\\/www.atr-compta.fr\\\/index.php\\\/mentions-legales\\\/\"]}]},{\"@type\":\"BreadcrumbList\",\"@id\":\"https:\\\/\\\/www.atr-compta.fr\\\/index.php\\\/mentions-legales\\\/#breadcrumb\",\"itemListElement\":[{\"@type\":\"ListItem\",\"position\":1,\"name\":\"Accueil\",\"item\":\"https:\\\/\\\/www.atr-compta.fr\\\/\"},{\"@type\":\"ListItem\",\"position\":2,\"name\":\"Mentions l\u00e9gales\"}]},{\"@type\":\"WebSite\",\"@id\":\"https:\\\/\\\/www.atr-compta.fr\\\/#website\",\"url\":\"https:\\\/\\\/www.atr-compta.fr\\\/\",\"name\":\"ATR-Compta\",\"description\":\"Expertise - Conseil - Audit\",\"potentialAction\":[{\"@type\":\"SearchAction\",\"target\":{\"@type\":\"EntryPoint\",\"urlTemplate\":\"https:\\\/\\\/www.atr-compta.fr\\\/?s={search_term_string}\"},\"query-input\":{\"@type\":\"PropertyValueSpecification\",\"valueRequired\":true,\"valueName\":\"search_term_string\"}}],\"inLanguage\":\"fr-FR\"}]}<\/script>\n<!-- \/ Yoast SEO plugin. -->","yoast_head_json":{"title":"Mentions l\u00e9gales - ATR-Compta","robots":{"index":"index","follow":"follow","max-snippet":"max-snippet:-1","max-image-preview":"max-image-preview:large","max-video-preview":"max-video-preview:-1"},"canonical":"https:\/\/www.atr-compta.fr\/index.php\/mentions-legales\/","og_locale":"fr_FR","og_type":"article","og_title":"Mentions l\u00e9gales - ATR-Compta","og_description":"[vc_row css_animation=\u00a0\u00bb\u00a0\u00bb row_type=\u00a0\u00bbrow\u00a0\u00bb use_row_as_full_screen_section=\u00a0\u00bbno\u00a0\u00bb type=\u00a0\u00bbfull_width\u00a0\u00bb angled_section=\u00a0\u00bbno\u00a0\u00bb text_align=\u00a0\u00bbcenter\u00a0\u00bb background_image_as_pattern=\u00a0\u00bbwithout_pattern\u00a0\u00bb el_class=\u00a0\u00bblegals\u00a0\u00bb z_index=\u00a0\u00bb\u00a0\u00bb css=\u00a0\u00bb.vc_custom_1547467297418{padding-bottom: 42px !important;}\u00a0\u00bb][vc_column][vc_column_text css=\u00a0\u00bb\u00a0\u00bb] D\u00e9nomination et si\u00e8ge social ATR EXPERTISE CONSEIL AUDIT SOCI\u00c9T\u00c9 D&rsquo;EXPERTISE COMPTABLE INSCRITE AU TABLEAU DE L&rsquo;ORDRE DE PARIS 7 Rue Albert Einstein 77420, Champs sur marne T\u00e9l\u00e9phone : 01.71.33.12.80 SAS au...","og_url":"https:\/\/www.atr-compta.fr\/index.php\/mentions-legales\/","og_site_name":"ATR-Compta","article_modified_time":"2024-11-20T16:45:19+00:00","twitter_card":"summary_large_image","twitter_misc":{"Dur\u00e9e de lecture estim\u00e9e":"3 minutes"},"schema":{"@context":"https:\/\/schema.org","@graph":[{"@type":"WebPage","@id":"https:\/\/www.atr-compta.fr\/index.php\/mentions-legales\/","url":"https:\/\/www.atr-compta.fr\/index.php\/mentions-legales\/","name":"Mentions l\u00e9gales - ATR-Compta","isPartOf":{"@id":"https:\/\/www.atr-compta.fr\/#website"},"datePublished":"2019-01-14T12:04:30+00:00","dateModified":"2024-11-20T16:45:19+00:00","breadcrumb":{"@id":"https:\/\/www.atr-compta.fr\/index.php\/mentions-legales\/#breadcrumb"},"inLanguage":"fr-FR","potentialAction":[{"@type":"ReadAction","target":["https:\/\/www.atr-compta.fr\/index.php\/mentions-legales\/"]}]},{"@type":"BreadcrumbList","@id":"https:\/\/www.atr-compta.fr\/index.php\/mentions-legales\/#breadcrumb","itemListElement":[{"@type":"ListItem","position":1,"name":"Accueil","item":"https:\/\/www.atr-compta.fr\/"},{"@type":"ListItem","position":2,"name":"Mentions l\u00e9gales"}]},{"@type":"WebSite","@id":"https:\/\/www.atr-compta.fr\/#website","url":"https:\/\/www.atr-compta.fr\/","name":"ATR-Compta","description":"Expertise - Conseil - Audit","potentialAction":[{"@type":"SearchAction","target":{"@type":"EntryPoint","urlTemplate":"https:\/\/www.atr-compta.fr\/?s={search_term_string}"},"query-input":{"@type":"PropertyValueSpecification","valueRequired":true,"valueName":"search_term_string"}}],"inLanguage":"fr-FR"}]}},"jetpack_sharing_enabled":true,"jetpack_shortlink":"https:\/\/wp.me\/PaDF4d-2R","jetpack_likes_enabled":true,"_links":{"self":[{"href":"https:\/\/www.atr-compta.fr\/index.php\/wp-json\/wp\/v2\/pages\/177","targetHints":{"allow":["GET"]}}],"collection":[{"href":"https:\/\/www.atr-compta.fr\/index.php\/wp-json\/wp\/v2\/pages"}],"about":[{"href":"https:\/\/www.atr-compta.fr\/index.php\/wp-json\/wp\/v2\/types\/page"}],"author":[{"embeddable":true,"href":"https:\/\/www.atr-compta.fr\/index.php\/wp-json\/wp\/v2\/users\/1"}],"replies":[{"embeddable":true,"href":"https:\/\/www.atr-compta.fr\/index.php\/wp-json\/wp\/v2\/comments?post=177"}],"version-history":[{"count":6,"href":"https:\/\/www.atr-compta.fr\/index.php\/wp-json\/wp\/v2\/pages\/177\/revisions"}],"predecessor-version":[{"id":470,"href":"https:\/\/www.atr-compta.fr\/index.php\/wp-json\/wp\/v2\/pages\/177\/revisions\/470"}],"wp:attachment":[{"href":"https:\/\/www.atr-compta.fr\/index.php\/wp-json\/wp\/v2\/media?parent=177"}],"curies":[{"name":"wp","href":"https:\/\/api.w.org\/{rel}","templated":true}]}}