{"id":145,"date":"2019-01-03T18:40:14","date_gmt":"2019-01-03T17:40:14","guid":{"rendered":"https:\/\/www.atr-compta.fr\/?page_id=145"},"modified":"2019-01-16T16:22:08","modified_gmt":"2019-01-16T15:22:08","slug":"domaines-dexpertise-2","status":"publish","type":"page","link":"https:\/\/www.atr-compta.fr\/index.php\/domaines-dexpertise-2\/","title":{"rendered":"Domaines d&rsquo;expertise"},"content":{"rendered":"<div class=\"wpb-content-wrapper\"><p>[vc_row css_animation=\u00a0\u00bb\u00a0\u00bb row_type=\u00a0\u00bbrow\u00a0\u00bb use_row_as_full_screen_section=\u00a0\u00bbno\u00a0\u00bb type=\u00a0\u00bbfull_width\u00a0\u00bb angled_section=\u00a0\u00bbno\u00a0\u00bb text_align=\u00a0\u00bbleft\u00a0\u00bb background_image_as_pattern=\u00a0\u00bbwithout_pattern\u00a0\u00bb z_index=\u00a0\u00bb\u00a0\u00bb css=\u00a0\u00bb.vc_custom_1547651576666{padding-top: 52px !important;}\u00a0\u00bb][vc_column][vc_row_inner row_type=\u00a0\u00bbrow\u00a0\u00bb type=\u00a0\u00bbfull_width\u00a0\u00bb text_align=\u00a0\u00bbleft\u00a0\u00bb css_animation=\u00a0\u00bb\u00a0\u00bb css=\u00a0\u00bb.vc_custom_1546543533739{padding-bottom: 50px !important;}\u00a0\u00bb][vc_column_inner width=\u00a0\u00bb1\/3&Prime;][qode_elements_holder number_of_columns=\u00a0\u00bbone_column\u00a0\u00bb][qode_elements_holder_item advanced_animations=\u00a0\u00bbno\u00a0\u00bb item_padding_600_768=\u00a0\u00bb100px 0px 0px 0px\u00a0\u00bb item_padding_480_600=\u00a0\u00bb100px 0px 0px 0px\u00a0\u00bb item_padding_480=\u00a0\u00bb100px 0px 0px 0px\u00a0\u00bb]<div class=\"qode-info-card-with-icon\">\n    <div class=\"qode-icwi-image-icon-holder qode-start-icon-hover\">\n\t\t\t\t\t\t<div class=\"qode-icwi-icon-holder\">\n\t\t\t<span class=\"qode-icon-holder qode-icon-circle qode-icon-large\"  style=\"background-color:#1c768f\" data-color=\"#ffffff\">\n\t\t\t\t<i class=\"qode_icon_font_awesome fa fa-calculator qode-icon-element\" style=\"color:#ffffff\" ><\/i>\t\t\t<\/span>\n\t\t<\/div>\n\t\t\t<\/div>\n\t<div class=\"qode-icwi-text-holder\">\n\t\t\t\t\t<\/div>\n<\/div>[vc_column_text]<\/p>\n<h3 style=\"text-align: center; background: white; padding-top: 25px;\">Comptabilit\u00e9<\/h3>\n<div class=\"list\">\n<ul style=\"background: white;\">\n<li>Offre TPE et PME<\/li>\n<li>Mise \u00e0 jour de la comptabilit\u00e9<\/li>\n<li>Suivi du calendrier fiscal<\/li>\n<li>Liasse fiscale de fin d&rsquo;ann\u00e9e<\/li>\n<\/ul>\n<\/div>\n<p>[\/vc_column_text][\/qode_elements_holder_item][\/qode_elements_holder][\/vc_column_inner][vc_column_inner width=\u00a0\u00bb1\/3&Prime;][qode_elements_holder number_of_columns=\u00a0\u00bbone_column\u00a0\u00bb][qode_elements_holder_item advanced_animations=\u00a0\u00bbno\u00a0\u00bb item_padding_600_768=\u00a0\u00bb100px 0px 0px 0px\u00a0\u00bb item_padding_480_600=\u00a0\u00bb100px 0px 0px 0px\u00a0\u00bb item_padding_480=\u00a0\u00bb100px 0px 0px 0px\u00a0\u00bb]<div class=\"qode-info-card-with-icon\">\n    <div class=\"qode-icwi-image-icon-holder qode-start-icon-hover\">\n\t\t\t\t\t\t<div class=\"qode-icwi-icon-holder\">\n\t\t\t<span class=\"qode-icon-holder qode-icon-circle qode-icon-large\"  style=\"background-color:#8023aa\" data-color=\"#ffffff\">\n\t\t\t\t<i class=\"qode_icon_font_awesome fa fa-share qode-icon-element\" style=\"color:#ffffff\" ><\/i>\t\t\t<\/span>\n\t\t<\/div>\n\t\t\t<\/div>\n\t<div class=\"qode-icwi-text-holder\">\n\t\t\t\t\t<\/div>\n<\/div>[vc_column_text]<\/p>\n<h3 style=\"text-align: center; background: white; padding-top: 25px;\">Social &amp; RH<\/h3>\n<div class=\"list\">\n<ul style=\"background: white; padding-right: 10px;\">\n<li>Bulletins de paies<\/li>\n<li>Etablissement et paiement des d\u00e9claration sociales<\/li>\n<li>Gestion des entr\u00e9e et sorties<\/li>\n<li>Optimisation de la masse salariale<\/li>\n<\/ul>\n<\/div>\n<p>[\/vc_column_text][\/qode_elements_holder_item][\/qode_elements_holder][\/vc_column_inner][vc_column_inner width=\u00a0\u00bb1\/3&Prime;][qode_elements_holder number_of_columns=\u00a0\u00bbone_column\u00a0\u00bb][qode_elements_holder_item advanced_animations=\u00a0\u00bbno\u00a0\u00bb item_padding_600_768=\u00a0\u00bb100px 0px 0px 0px\u00a0\u00bb item_padding_480_600=\u00a0\u00bb100px 0px 0px 0px\u00a0\u00bb item_padding_480=\u00a0\u00bb100px 0px 0px 0px\u00a0\u00bb]<div class=\"qode-info-card-with-icon\">\n    <div class=\"qode-icwi-image-icon-holder qode-start-icon-hover\">\n\t\t\t\t\t\t<div class=\"qode-icwi-icon-holder\">\n\t\t\t<span class=\"qode-icon-holder qode-icon-circle qode-icon-large\"  style=\"background-color:#1c8c5d\" data-color=\"#ffffff\">\n\t\t\t\t<i class=\"qode_icon_font_awesome fa fa-balance-scale qode-icon-element\" style=\"color:#ffffff\" ><\/i>\t\t\t<\/span>\n\t\t<\/div>\n\t\t\t<\/div>\n\t<div class=\"qode-icwi-text-holder\">\n\t\t\t\t\t<\/div>\n<\/div>[vc_column_text]<\/p>\n<h3 style=\"text-align: center; background: white; padding-top: 25px;\">Juridique<\/h3>\n<div class=\"list\">\n<ul style=\"background: white;\">\n<li>Secr\u00e9tariat juridique (PV d&rsquo;AG, Rapport de gestion, etc.<\/li>\n<li>Cr\u00e9ation de soci\u00e9t\u00e9<\/li>\n<li>Optimisation juridique (TUP, op\u00e9ration haut de bilan,etc.)<\/li>\n<\/ul>\n<\/div>\n<p>[\/vc_column_text][\/qode_elements_holder_item][\/qode_elements_holder][\/vc_column_inner][\/vc_row_inner][\/vc_column][\/vc_row][vc_row css_animation=\u00a0\u00bb\u00a0\u00bb row_type=\u00a0\u00bbrow\u00a0\u00bb use_row_as_full_screen_section=\u00a0\u00bbno\u00a0\u00bb type=\u00a0\u00bbfull_width\u00a0\u00bb angled_section=\u00a0\u00bbno\u00a0\u00bb text_align=\u00a0\u00bbleft\u00a0\u00bb background_image_as_pattern=\u00a0\u00bbwithout_pattern\u00a0\u00bb z_index=\u00a0\u00bb\u00a0\u00bb css=\u00a0\u00bb.vc_custom_1547652110877{padding-top: 32px !important;padding-bottom: 50px !important;}\u00a0\u00bb][vc_column][vc_row_inner row_type=\u00a0\u00bbrow\u00a0\u00bb type=\u00a0\u00bbfull_width\u00a0\u00bb text_align=\u00a0\u00bbleft\u00a0\u00bb css_animation=\u00a0\u00bb\u00a0\u00bb css=\u00a0\u00bb.vc_custom_1546543533739{padding-bottom: 50px !important;}\u00a0\u00bb][vc_column_inner width=\u00a0\u00bb1\/3&Prime;][qode_elements_holder number_of_columns=\u00a0\u00bbone_column\u00a0\u00bb][qode_elements_holder_item advanced_animations=\u00a0\u00bbno\u00a0\u00bb item_padding_600_768=\u00a0\u00bb100px 0px 0px 0px\u00a0\u00bb item_padding_480_600=\u00a0\u00bb100px 0px 0px 0px\u00a0\u00bb item_padding_480=\u00a0\u00bb100px 0px 0px 0px\u00a0\u00bb]<div class=\"qode-info-card-with-icon\">\n    <div class=\"qode-icwi-image-icon-holder qode-start-icon-hover\">\n\t\t\t\t\t\t<div class=\"qode-icwi-icon-holder\">\n\t\t\t<span class=\"qode-icon-holder qode-icon-circle qode-icon-large\"  style=\"background-color:#99701e\" data-color=\"#ffffff\">\n\t\t\t\t<i class=\"qode_icon_font_awesome fa fa-calendar qode-icon-element\" style=\"color:#ffffff\" ><\/i>\t\t\t<\/span>\n\t\t<\/div>\n\t\t\t<\/div>\n\t<div class=\"qode-icwi-text-holder\">\n\t\t\t\t\t<\/div>\n<\/div>[vc_column_text]<\/p>\n<h3 style=\"text-align: center; background: white; padding-top: 25px; padding-left: 10px; padding-right: 10px;\">Gestion de l&rsquo;entreprise<\/h3>\n<div class=\"list\">\n<ul style=\"background: white;\">\n<li>Suivi des marges<\/li>\n<li>Tableau de bord<\/li>\n<li>Calcul du seuil de rentabilit\u00e9 et prix de revient<\/li>\n<li>Comptabilit\u00e9 2.0<\/li>\n<li>Saas et cloud<\/li>\n<\/ul>\n<\/div>\n<p>[\/vc_column_text][\/qode_elements_holder_item][\/qode_elements_holder][\/vc_column_inner][vc_column_inner width=\u00a0\u00bb1\/3&Prime;][qode_elements_holder number_of_columns=\u00a0\u00bbone_column\u00a0\u00bb][qode_elements_holder_item advanced_animations=\u00a0\u00bbno\u00a0\u00bb item_padding_600_768=\u00a0\u00bb100px 0px 0px 0px\u00a0\u00bb item_padding_480_600=\u00a0\u00bb100px 0px 0px 0px\u00a0\u00bb item_padding_480=\u00a0\u00bb100px 0px 0px 0px\u00a0\u00bb]<div class=\"qode-info-card-with-icon\">\n    <div class=\"qode-icwi-image-icon-holder qode-start-icon-hover\">\n\t\t\t\t\t\t<div class=\"qode-icwi-icon-holder\">\n\t\t\t<span class=\"qode-icon-holder qode-icon-circle qode-icon-large\"  style=\"background-color:#911d3c\" data-color=\"#ffffff\">\n\t\t\t\t<i class=\"qode_icon_font_awesome fa fa-bar-chart qode-icon-element\" style=\"color:#ffffff\" ><\/i>\t\t\t<\/span>\n\t\t<\/div>\n\t\t\t<\/div>\n\t<div class=\"qode-icwi-text-holder\">\n\t\t\t\t\t<\/div>\n<\/div>[vc_column_text]<\/p>\n<h3 style=\"text-align: center; background: white; padding-top: 25px;\">Optimisation et patrimoine<\/h3>\n<div class=\"list\">\n<ul style=\"background: white;\">\n<li>Optimiser sa r\u00e9mun\u00e9ration<\/li>\n<li>Arbitrage sur le regime fiscal<\/li>\n<li>D\u00e9membrement des parts (Usufruit et nue propri\u00e9taire)<\/li>\n<li>Strat\u00e9gie d&rsquo;acquisition de bureaux ou biens immobiliers<\/li>\n<\/ul>\n<\/div>\n<p>[\/vc_column_text][\/qode_elements_holder_item][\/qode_elements_holder][\/vc_column_inner][vc_column_inner width=\u00a0\u00bb1\/3&Prime;][qode_elements_holder number_of_columns=\u00a0\u00bbone_column\u00a0\u00bb][qode_elements_holder_item advanced_animations=\u00a0\u00bbno\u00a0\u00bb item_padding_600_768=\u00a0\u00bb100px 0px 0px 0px\u00a0\u00bb item_padding_480_600=\u00a0\u00bb100px 0px 0px 0px\u00a0\u00bb item_padding_480=\u00a0\u00bb100px 0px 0px 0px\u00a0\u00bb]<div class=\"qode-info-card-with-icon\">\n    <div class=\"qode-icwi-image-icon-holder qode-start-icon-hover\">\n\t\t\t\t\t\t<div class=\"qode-icwi-icon-holder\">\n\t\t\t<span class=\"qode-icon-holder qode-icon-circle qode-icon-large\"   data-color=\"#1c768f\">\n\t\t\t\t<i class=\"qode_icon_font_awesome fa fa-calculator qode-icon-element\" style=\"color:#1c768f\" ><\/i>\t\t\t<\/span>\n\t\t<\/div>\n\t\t\t<\/div>\n\t<div class=\"qode-icwi-text-holder\">\n\t\t\t\t\t<\/div>\n<\/div>[vc_column_text]<\/p>\n<h3 style=\"text-align: center; background: white; padding-top: 25px;\">Evaluation et transmission<\/h3>\n<div class=\"list\">\n<ul style=\"background: white;\">\n<li>Evaluation de votre entreprise<\/li>\n<li>Accompagnement dans les formalit\u00e9s de rachat \/ cession<\/li>\n<li>Accompagnement dans la transmission d&rsquo;entreprise<\/li>\n<\/ul>\n<\/div>\n<p>[\/vc_column_text][\/qode_elements_holder_item][\/qode_elements_holder][\/vc_column_inner][\/vc_row_inner][\/vc_column][\/vc_row]<\/p>\n<\/div>","protected":false},"excerpt":{"rendered":"<p>[vc_row css_animation=\u00a0\u00bb\u00a0\u00bb row_type=\u00a0\u00bbrow\u00a0\u00bb use_row_as_full_screen_section=\u00a0\u00bbno\u00a0\u00bb type=\u00a0\u00bbfull_width\u00a0\u00bb angled_section=\u00a0\u00bbno\u00a0\u00bb text_align=\u00a0\u00bbleft\u00a0\u00bb background_image_as_pattern=\u00a0\u00bbwithout_pattern\u00a0\u00bb z_index=\u00a0\u00bb\u00a0\u00bb css=\u00a0\u00bb.vc_custom_1547651576666{padding-top: 52px !important;}\u00a0\u00bb][vc_column][vc_row_inner row_type=\u00a0\u00bbrow\u00a0\u00bb type=\u00a0\u00bbfull_width\u00a0\u00bb text_align=\u00a0\u00bbleft\u00a0\u00bb css_animation=\u00a0\u00bb\u00a0\u00bb css=\u00a0\u00bb.vc_custom_1546543533739{padding-bottom: 50px !important;}\u00a0\u00bb][vc_column_inner width=\u00a0\u00bb1\/3&Prime;][qode_elements_holder number_of_columns=\u00a0\u00bbone_column\u00a0\u00bb][qode_elements_holder_item advanced_animations=\u00a0\u00bbno\u00a0\u00bb item_padding_600_768=\u00a0\u00bb100px 0px 0px 0px\u00a0\u00bb item_padding_480_600=\u00a0\u00bb100px 0px 0px 0px\u00a0\u00bb item_padding_480=\u00a0\u00bb100px 0px 0px 0px\u00a0\u00bb][vc_column_text] Comptabilit\u00e9 Offre TPE et PME Mise \u00e0 jour de la comptabilit\u00e9&#8230;<\/p>\n","protected":false},"author":1,"featured_media":0,"parent":0,"menu_order":0,"comment_status":"closed","ping_status":"closed","template":"","meta":{"jetpack_post_was_ever_published":false,"footnotes":""},"class_list":["post-145","page","type-page","status-publish","hentry"],"yoast_head":"<!-- This site is optimized with the Yoast SEO plugin v27.4 - https:\/\/yoast.com\/product\/yoast-seo-wordpress\/ -->\n<title>Domaines d&#039;expertise - ATR-Compta<\/title>\n<meta name=\"robots\" content=\"index, follow, max-snippet:-1, max-image-preview:large, max-video-preview:-1\" \/>\n<link rel=\"canonical\" href=\"https:\/\/www.atr-compta.fr\/index.php\/domaines-dexpertise-2\/\" \/>\n<meta property=\"og:locale\" content=\"fr_FR\" \/>\n<meta property=\"og:type\" content=\"article\" \/>\n<meta property=\"og:title\" content=\"Domaines d&#039;expertise - ATR-Compta\" \/>\n<meta property=\"og:description\" content=\"[vc_row css_animation=\u00a0\u00bb\u00a0\u00bb row_type=\u00a0\u00bbrow\u00a0\u00bb use_row_as_full_screen_section=\u00a0\u00bbno\u00a0\u00bb type=\u00a0\u00bbfull_width\u00a0\u00bb angled_section=\u00a0\u00bbno\u00a0\u00bb text_align=\u00a0\u00bbleft\u00a0\u00bb background_image_as_pattern=\u00a0\u00bbwithout_pattern\u00a0\u00bb z_index=\u00a0\u00bb\u00a0\u00bb css=\u00a0\u00bb.vc_custom_1547651576666{padding-top: 52px !important;}\u00a0\u00bb][vc_column][vc_row_inner row_type=\u00a0\u00bbrow\u00a0\u00bb type=\u00a0\u00bbfull_width\u00a0\u00bb text_align=\u00a0\u00bbleft\u00a0\u00bb css_animation=\u00a0\u00bb\u00a0\u00bb css=\u00a0\u00bb.vc_custom_1546543533739{padding-bottom: 50px !important;}\u00a0\u00bb][vc_column_inner width=\u00a0\u00bb1\/3&Prime;][qode_elements_holder number_of_columns=\u00a0\u00bbone_column\u00a0\u00bb][qode_elements_holder_item advanced_animations=\u00a0\u00bbno\u00a0\u00bb item_padding_600_768=\u00a0\u00bb100px 0px 0px 0px\u00a0\u00bb item_padding_480_600=\u00a0\u00bb100px 0px 0px 0px\u00a0\u00bb item_padding_480=\u00a0\u00bb100px 0px 0px 0px\u00a0\u00bb][vc_column_text] Comptabilit\u00e9 Offre TPE et PME Mise \u00e0 jour de la comptabilit\u00e9...\" \/>\n<meta property=\"og:url\" content=\"https:\/\/www.atr-compta.fr\/index.php\/domaines-dexpertise-2\/\" \/>\n<meta property=\"og:site_name\" content=\"ATR-Compta\" \/>\n<meta property=\"article:modified_time\" content=\"2019-01-16T15:22:08+00:00\" \/>\n<meta name=\"twitter:card\" content=\"summary_large_image\" \/>\n<meta name=\"twitter:label1\" content=\"Dur\u00e9e de lecture estim\u00e9e\" \/>\n\t<meta name=\"twitter:data1\" content=\"4 minutes\" \/>\n<script type=\"application\/ld+json\" class=\"yoast-schema-graph\">{\"@context\":\"https:\\\/\\\/schema.org\",\"@graph\":[{\"@type\":\"WebPage\",\"@id\":\"https:\\\/\\\/www.atr-compta.fr\\\/index.php\\\/domaines-dexpertise-2\\\/\",\"url\":\"https:\\\/\\\/www.atr-compta.fr\\\/index.php\\\/domaines-dexpertise-2\\\/\",\"name\":\"Domaines d'expertise - ATR-Compta\",\"isPartOf\":{\"@id\":\"https:\\\/\\\/www.atr-compta.fr\\\/#website\"},\"datePublished\":\"2019-01-03T17:40:14+00:00\",\"dateModified\":\"2019-01-16T15:22:08+00:00\",\"breadcrumb\":{\"@id\":\"https:\\\/\\\/www.atr-compta.fr\\\/index.php\\\/domaines-dexpertise-2\\\/#breadcrumb\"},\"inLanguage\":\"fr-FR\",\"potentialAction\":[{\"@type\":\"ReadAction\",\"target\":[\"https:\\\/\\\/www.atr-compta.fr\\\/index.php\\\/domaines-dexpertise-2\\\/\"]}]},{\"@type\":\"BreadcrumbList\",\"@id\":\"https:\\\/\\\/www.atr-compta.fr\\\/index.php\\\/domaines-dexpertise-2\\\/#breadcrumb\",\"itemListElement\":[{\"@type\":\"ListItem\",\"position\":1,\"name\":\"Accueil\",\"item\":\"https:\\\/\\\/www.atr-compta.fr\\\/\"},{\"@type\":\"ListItem\",\"position\":2,\"name\":\"Domaines d&rsquo;expertise\"}]},{\"@type\":\"WebSite\",\"@id\":\"https:\\\/\\\/www.atr-compta.fr\\\/#website\",\"url\":\"https:\\\/\\\/www.atr-compta.fr\\\/\",\"name\":\"ATR-Compta\",\"description\":\"Expertise - Conseil - Audit\",\"potentialAction\":[{\"@type\":\"SearchAction\",\"target\":{\"@type\":\"EntryPoint\",\"urlTemplate\":\"https:\\\/\\\/www.atr-compta.fr\\\/?s={search_term_string}\"},\"query-input\":{\"@type\":\"PropertyValueSpecification\",\"valueRequired\":true,\"valueName\":\"search_term_string\"}}],\"inLanguage\":\"fr-FR\"}]}<\/script>\n<!-- \/ Yoast SEO plugin. -->","yoast_head_json":{"title":"Domaines d'expertise - ATR-Compta","robots":{"index":"index","follow":"follow","max-snippet":"max-snippet:-1","max-image-preview":"max-image-preview:large","max-video-preview":"max-video-preview:-1"},"canonical":"https:\/\/www.atr-compta.fr\/index.php\/domaines-dexpertise-2\/","og_locale":"fr_FR","og_type":"article","og_title":"Domaines d'expertise - ATR-Compta","og_description":"[vc_row css_animation=\u00a0\u00bb\u00a0\u00bb row_type=\u00a0\u00bbrow\u00a0\u00bb use_row_as_full_screen_section=\u00a0\u00bbno\u00a0\u00bb type=\u00a0\u00bbfull_width\u00a0\u00bb angled_section=\u00a0\u00bbno\u00a0\u00bb text_align=\u00a0\u00bbleft\u00a0\u00bb background_image_as_pattern=\u00a0\u00bbwithout_pattern\u00a0\u00bb z_index=\u00a0\u00bb\u00a0\u00bb css=\u00a0\u00bb.vc_custom_1547651576666{padding-top: 52px !important;}\u00a0\u00bb][vc_column][vc_row_inner row_type=\u00a0\u00bbrow\u00a0\u00bb type=\u00a0\u00bbfull_width\u00a0\u00bb text_align=\u00a0\u00bbleft\u00a0\u00bb css_animation=\u00a0\u00bb\u00a0\u00bb css=\u00a0\u00bb.vc_custom_1546543533739{padding-bottom: 50px !important;}\u00a0\u00bb][vc_column_inner width=\u00a0\u00bb1\/3&Prime;][qode_elements_holder number_of_columns=\u00a0\u00bbone_column\u00a0\u00bb][qode_elements_holder_item advanced_animations=\u00a0\u00bbno\u00a0\u00bb item_padding_600_768=\u00a0\u00bb100px 0px 0px 0px\u00a0\u00bb item_padding_480_600=\u00a0\u00bb100px 0px 0px 0px\u00a0\u00bb item_padding_480=\u00a0\u00bb100px 0px 0px 0px\u00a0\u00bb][vc_column_text] Comptabilit\u00e9 Offre TPE et PME Mise \u00e0 jour de la comptabilit\u00e9...","og_url":"https:\/\/www.atr-compta.fr\/index.php\/domaines-dexpertise-2\/","og_site_name":"ATR-Compta","article_modified_time":"2019-01-16T15:22:08+00:00","twitter_card":"summary_large_image","twitter_misc":{"Dur\u00e9e de lecture estim\u00e9e":"4 minutes"},"schema":{"@context":"https:\/\/schema.org","@graph":[{"@type":"WebPage","@id":"https:\/\/www.atr-compta.fr\/index.php\/domaines-dexpertise-2\/","url":"https:\/\/www.atr-compta.fr\/index.php\/domaines-dexpertise-2\/","name":"Domaines d'expertise - ATR-Compta","isPartOf":{"@id":"https:\/\/www.atr-compta.fr\/#website"},"datePublished":"2019-01-03T17:40:14+00:00","dateModified":"2019-01-16T15:22:08+00:00","breadcrumb":{"@id":"https:\/\/www.atr-compta.fr\/index.php\/domaines-dexpertise-2\/#breadcrumb"},"inLanguage":"fr-FR","potentialAction":[{"@type":"ReadAction","target":["https:\/\/www.atr-compta.fr\/index.php\/domaines-dexpertise-2\/"]}]},{"@type":"BreadcrumbList","@id":"https:\/\/www.atr-compta.fr\/index.php\/domaines-dexpertise-2\/#breadcrumb","itemListElement":[{"@type":"ListItem","position":1,"name":"Accueil","item":"https:\/\/www.atr-compta.fr\/"},{"@type":"ListItem","position":2,"name":"Domaines d&rsquo;expertise"}]},{"@type":"WebSite","@id":"https:\/\/www.atr-compta.fr\/#website","url":"https:\/\/www.atr-compta.fr\/","name":"ATR-Compta","description":"Expertise - Conseil - Audit","potentialAction":[{"@type":"SearchAction","target":{"@type":"EntryPoint","urlTemplate":"https:\/\/www.atr-compta.fr\/?s={search_term_string}"},"query-input":{"@type":"PropertyValueSpecification","valueRequired":true,"valueName":"search_term_string"}}],"inLanguage":"fr-FR"}]}},"jetpack_sharing_enabled":true,"jetpack_shortlink":"https:\/\/wp.me\/PaDF4d-2l","jetpack_likes_enabled":true,"_links":{"self":[{"href":"https:\/\/www.atr-compta.fr\/index.php\/wp-json\/wp\/v2\/pages\/145","targetHints":{"allow":["GET"]}}],"collection":[{"href":"https:\/\/www.atr-compta.fr\/index.php\/wp-json\/wp\/v2\/pages"}],"about":[{"href":"https:\/\/www.atr-compta.fr\/index.php\/wp-json\/wp\/v2\/types\/page"}],"author":[{"embeddable":true,"href":"https:\/\/www.atr-compta.fr\/index.php\/wp-json\/wp\/v2\/users\/1"}],"replies":[{"embeddable":true,"href":"https:\/\/www.atr-compta.fr\/index.php\/wp-json\/wp\/v2\/comments?post=145"}],"version-history":[{"count":11,"href":"https:\/\/www.atr-compta.fr\/index.php\/wp-json\/wp\/v2\/pages\/145\/revisions"}],"predecessor-version":[{"id":147,"href":"https:\/\/www.atr-compta.fr\/index.php\/wp-json\/wp\/v2\/pages\/145\/revisions\/147"}],"wp:attachment":[{"href":"https:\/\/www.atr-compta.fr\/index.php\/wp-json\/wp\/v2\/media?parent=145"}],"curies":[{"name":"wp","href":"https:\/\/api.w.org\/{rel}","templated":true}]}}